{"id":4183,"date":"2024-09-04T12:14:47","date_gmt":"2024-09-04T17:14:47","guid":{"rendered":"https:\/\/caribeaventura.com\/?page_id=4183"},"modified":"2024-09-04T12:24:26","modified_gmt":"2024-09-04T17:24:26","slug":"faqs-pagos-gou","status":"publish","type":"page","link":"https:\/\/caribeaventura.com\/en\/faqs-pagos-gou\/","title":{"rendered":"FAQs PAGOS GOU"},"content":{"rendered":"<div data-elementor-type=\"wp-page\" data-elementor-id=\"4183\" class=\"elementor elementor-4183\" data-elementor-post-type=\"page\">\n\t\t\t\t\t\t<section class=\"elementor-section elementor-top-section elementor-element elementor-element-a1d0d30 elementor-section-boxed elementor-section-height-default elementor-section-height-default\" data-id=\"a1d0d30\" data-element_type=\"section\">\n\t\t\t\t\t\t<div class=\"elementor-container elementor-column-gap-default\">\n\t\t\t\t\t<div class=\"elementor-column elementor-col-100 elementor-top-column elementor-element elementor-element-b49dbce\" data-id=\"b49dbce\" data-element_type=\"column\">\n\t\t\t<div class=\"elementor-widget-wrap elementor-element-populated\">\n\t\t\t\t\t\t<div class=\"elementor-element elementor-element-938f31e elementor-widget elementor-widget-text-editor\" data-id=\"938f31e\" data-element_type=\"widget\" data-widget_type=\"text-editor.default\">\n\t\t\t\t<div class=\"elementor-widget-container\">\n\t\t\t\t\t\t\t<h3 style=\"text-align: center;\"><b>PREGUNTAS FRECUENTES SOBRE PAGOS ELECTR\u00d3NICOS<\/b><\/h3><p>\u00a0<\/p><p>1. <b>\u00bfQu\u00e9 es GUO Pagos?<\/b><br \/>GUO PAGOS es la plataforma de pagos electr\u00f3nicos que usa PARQUE TEM\u00c1TICO CARIBE AVENTURA para procesar en l\u00ednea las transacciones generadas en la tienda virtual con las formas de pago habilitadas para tal fin.<\/p><p><b>2. \u00bfC\u00f3mo puedo pagar?<\/b><br \/>En la tienda virtual de PARQUE TEM\u00c1TICO CARIBE AVENTURA\u00a0usted podr\u00e1 realizar su pago con los medios habilitados para tal fin. Usted, de acuerdo a las opciones de pago escogidas por el comercio, podr\u00e1 pagar a trav\u00e9s de tarjetas de cr\u00e9dito Visa, y MasterCard y Cuentas debito ahorro y corriente PSE.<\/p><p><b>3. \u00bfEs seguro ingresar mis datos bancarios en este sitio web?<\/b><br \/>Para proteger tus datos PARQUE TEM\u00c1TICO CARIBE AVENTURA delega en GOU pagos la captura de la informaci\u00f3n sensible. Nuestra plataforma de pagos cumple con los m\u00e1s altos est\u00e1ndares exigidos por la norma internacional PCI DSS de seguridad en transacciones con tarjeta de cr\u00e9dito. Adem\u00e1s tiene certificado de seguridad SSL expedido por GeoTrust una compa\u00f1\u00eda Verisign, el cual garantiza comunicaciones seguras mediante la encriptaci\u00f3n de todos los datos hacia y desde el sitio; de esta manera te podr\u00e1s sentir seguro a la hora de ingresar la informaci\u00f3n de su tarjeta.<\/p><p>Durante el proceso de pago, en el navegador se muestra el nombre de la organizaci\u00f3n autenticada, la autoridad que lo certifica y la barra de direcci\u00f3n cambia a color verde. Estas caracter\u00edsticas son visibles de inmediato y dan garant\u00eda y confianza para completar la transacci\u00f3n en GOU Pagos.<\/p><p>GOU Pagos tambi\u00e9n cuenta con el monitoreo constante de<b> McAfee Secure y la firma de mensajes electr\u00f3nicos con Certic\u00e1mara.<\/b><\/p><p><b><br \/>4. \u00bfPuedo realizar el pago cualquier d\u00eda y a cualquier hora?<\/b><br \/>S\u00ed, en PARQUE TEM\u00c1TICO CARIBE AVENTURA\u00a0podr\u00e1s realizar tus compras en l\u00ednea los 7 d\u00edas de la semana, las 24 horas del d\u00eda a s\u00f3lo un clic de distancia.<\/p><p><b>5. \u00bfPuedo cambiar la forma de pago?<\/b><br \/>Si a\u00fan no has finalizado tu pago, podr\u00e1s volver al paso inicial y elegir la forma de pago que prefieras. Una vez finalizada la compra no es posible cambiar la forma de pago.<\/p><p><b>ESTABLECIMIENTO DE COMERCIO: <\/b>el punto anterior aplica a la forma de pago, pero deber\u00e1n mencionar las pol\u00edticas de devoluci\u00f3n que tenga la tienda para dar cumplimiento al art\u00edculo 51 de la Ley del Estatuto del Consumidor.<\/p><p><b>6. \u00bfPagar electr\u00f3nicamente tiene alg\u00fan valor para m\u00ed como comprador?<\/b><br \/>No, los pagos electr\u00f3nicos realizados a trav\u00e9s de GOU Pagos no generan costos adicionales para el comprador.<\/p><p>7<b>. \u00bfQu\u00e9 debo hacer si mi transacci\u00f3n no concluy\u00f3?<\/b><br \/>En primera instancia, revisar si lleg\u00f3 un email de confirmaci\u00f3n de la transacci\u00f3n a la cuenta de correo electr\u00f3nico inscrita en el momento de realizar el pago, en caso de no haberlo recibido, deber\u00e1s contactarnos para confirmar el estado de la transacci\u00f3n.<\/p><p>8<b>. \u00bfQu\u00e9 debo hacer si no recib\u00ed el comprobante de pago?<\/b><br \/>Por cada transacci\u00f3n aprobada a trav\u00e9s de GOU Pagos, recibir\u00e1s un comprobante del pago con la referencia de compra en la direcci\u00f3n de correo electr\u00f3nico que indicaste al momento de pagar.<\/p><p>Si no lo recibes, podr\u00e1s contactarte a la <b>l\u00ednea 3054319920 <\/b>o al correo electr\u00f3nico <b>servicioalcliente@caribeaventura.com<\/b>, para solicitar el reenv\u00edo del comprobante a la misma direcci\u00f3n de correo electr\u00f3nico registrada al momento de pagar.<\/p>\t\t\t\t\t\t<\/div>\n\t\t\t\t<\/div>\n\t\t\t\t\t<\/div>\n\t\t<\/div>\n\t\t\t\t\t<\/div>\n\t\t<\/section>\n\t\t\t\t<\/div>","protected":false},"excerpt":{"rendered":"<p>PREGUNTAS FRECUENTES SOBRE PAGOS ELECTR\u00d3NICOS \u00a0 1. \u00bfQu\u00e9 es GUO Pagos?GUO PAGOS es la plataforma de pagos electr\u00f3nicos que usa PARQUE TEM\u00c1TICO CARIBE AVENTURA para procesar en l\u00ednea las transacciones generadas en la tienda virtual con las formas de pago habilitadas para tal fin. 2. \u00bfC\u00f3mo puedo pagar?En la tienda virtual de PARQUE TEM\u00c1TICO CARIBE [&hellip;]<\/p>\n","protected":false},"author":1,"featured_media":0,"parent":0,"menu_order":0,"comment_status":"closed","ping_status":"closed","template":"","meta":{"footnotes":""},"class_list":["post-4183","page","type-page","status-publish","hentry"],"aioseo_notices":[],"jetpack_sharing_enabled":true,"_links":{"self":[{"href":"https:\/\/caribeaventura.com\/en\/wp-json\/wp\/v2\/pages\/4183","targetHints":{"allow":["GET"]}}],"collection":[{"href":"https:\/\/caribeaventura.com\/en\/wp-json\/wp\/v2\/pages"}],"about":[{"href":"https:\/\/caribeaventura.com\/en\/wp-json\/wp\/v2\/types\/page"}],"author":[{"embeddable":true,"href":"https:\/\/caribeaventura.com\/en\/wp-json\/wp\/v2\/users\/1"}],"replies":[{"embeddable":true,"href":"https:\/\/caribeaventura.com\/en\/wp-json\/wp\/v2\/comments?post=4183"}],"version-history":[{"count":10,"href":"https:\/\/caribeaventura.com\/en\/wp-json\/wp\/v2\/pages\/4183\/revisions"}],"predecessor-version":[{"id":4193,"href":"https:\/\/caribeaventura.com\/en\/wp-json\/wp\/v2\/pages\/4183\/revisions\/4193"}],"wp:attachment":[{"href":"https:\/\/caribeaventura.com\/en\/wp-json\/wp\/v2\/media?parent=4183"}],"curies":[{"name":"wp","href":"https:\/\/api.w.org\/{rel}","templated":true}]}}