{"id":3304,"date":"2024-08-05T09:25:22","date_gmt":"2024-08-05T14:25:22","guid":{"rendered":"https:\/\/caribeaventura.com\/?page_id=3304"},"modified":"2024-08-09T23:44:37","modified_gmt":"2024-08-10T04:44:37","slug":"politica-de-privacidad","status":"publish","type":"page","link":"https:\/\/caribeaventura.com\/en\/politica-de-privacidad\/","title":{"rendered":"Pol\u00edtica de Privacidad"},"content":{"rendered":"<div data-elementor-type=\"wp-page\" data-elementor-id=\"3304\" class=\"elementor elementor-3304\" data-elementor-post-type=\"page\">\n\t\t\t\t\t\t<section class=\"elementor-section elementor-top-section elementor-element elementor-element-f7f39e8 elementor-section-boxed elementor-section-height-default elementor-section-height-default\" data-id=\"f7f39e8\" data-element_type=\"section\">\n\t\t\t\t\t\t<div class=\"elementor-container elementor-column-gap-default\">\n\t\t\t\t\t<div class=\"elementor-column elementor-col-100 elementor-top-column elementor-element elementor-element-ba8d3fb\" data-id=\"ba8d3fb\" data-element_type=\"column\">\n\t\t\t<div class=\"elementor-widget-wrap elementor-element-populated\">\n\t\t\t\t\t\t<div class=\"elementor-element elementor-element-79e6cb4 elementor-widget elementor-widget-heading\" data-id=\"79e6cb4\" data-element_type=\"widget\" data-widget_type=\"heading.default\">\n\t\t\t\t<div class=\"elementor-widget-container\">\n\t\t\t<h2 class=\"elementor-heading-title elementor-size-default\">POL\u00cdTICA DE TRATAMIENTO DE DATOS PERSONALES<\/h2>\t\t<\/div>\n\t\t\t\t<\/div>\n\t\t\t\t\t<\/div>\n\t\t<\/div>\n\t\t\t\t\t<\/div>\n\t\t<\/section>\n\t\t\t\t<section class=\"elementor-section elementor-top-section elementor-element elementor-element-3651501 elementor-section-boxed elementor-section-height-default elementor-section-height-default\" data-id=\"3651501\" data-element_type=\"section\">\n\t\t\t\t\t\t<div class=\"elementor-container elementor-column-gap-default\">\n\t\t\t\t\t<div class=\"elementor-column elementor-col-100 elementor-top-column elementor-element elementor-element-b4a10a2\" data-id=\"b4a10a2\" data-element_type=\"column\">\n\t\t\t<div class=\"elementor-widget-wrap elementor-element-populated\">\n\t\t\t\t\t\t<div class=\"elementor-element elementor-element-f18ec10 elementor-widget elementor-widget-text-editor\" data-id=\"f18ec10\" data-element_type=\"widget\" data-widget_type=\"text-editor.default\">\n\t\t\t\t<div class=\"elementor-widget-container\">\n\t\t\t\t\t\t\t<p>El sitio web WWW.CARIBEAVENTURA.COM, es una p\u00e1gina propiedad de OPERADOR DE PARQUES S.A.S., persona jur\u00eddica, domiciliada en Colombia, regida por la ley colombiana y los presentes T\u00e9rminos y Condiciones, los cuales el USUARIO se obliga a respetar desde el momento de ingreso al sitio. Si el USUARIO no est\u00e1 de acuerdo con cualquiera de los presentes T\u00e9rminos y Condiciones deber\u00e1 abstenerse de ingresar al sitio web o hacer uso de sus servicios.<\/p>\n<p><\/p>\n<h4>1.<b> Definiciones<\/b><\/h4>\n<p><b>a. Usuario: <\/b>persona que ingresa a al sitio web de OPERADOR DE PARQUES S.A.S. o hace uso de cualquiera de sus servicios.<\/p>\n<p><b>b. Sitio web: <\/b>Direcci\u00f3n URL (WWW.CARIBEAVENTURA.COM) propiedad de OPERADOR DE PARQUES S.A.S. y al cual aplican los presentes t\u00e9rminos y condiciones.<\/p>\n<p><b>c. Propietario.<\/b> OPERADOR DE PARQUES S.A.S., quien tiene el control sobre el contenido que se ingresa, elimina o permanece en el sitio, as\u00ed como de la publicaci\u00f3n del mismo.<\/p>\n<p><b>d. Tratamiento de datos: <\/b>Cualquier operaci\u00f3n u operaciones (recolectar, almacenar, analizar, transmitir, eliminar, etc) que se realice con datos personales.<\/p>\n<p><b>e. Responsable del tratamiento: <\/b>Quien decide sobre el tratamiento que se le da a los datos personales de los usuarios, que para efectos de estos t\u00e9rminos y condiciones ser\u00e1 OPERADOR DE PARQUES S.A.S.<\/p>\n<p><b>f. Dato personal: <\/b>Cualquier informaci\u00f3n asociada o que pueda asociarse a una o varias personas determinadas o determinables.<\/p>\n<p><b>g. Titular: <\/b>Persona cuyos datos personales sean tratados.<\/p>\n<p><\/p>\n<h4><b>2. Pol\u00edtica de tratamiento de datos personales<\/b><\/h4>\n<p>Al suministrar datos personales y aceptar su tratamiento el USUARIO autoriza a que el sitio web y OPERADOR DE PARQUES S.A.S. almacenen, transmitan, transfieran a cualquier t\u00edtulo la informaci\u00f3n proporcionada. As\u00ed mismo acepta su uso para fines de prestar un mejor servicio, usos comerciales, publicitarios y la comunicaci\u00f3n de ofertas del sitio web, OPERADOR DE PARQUES<br>S.A.S. y terceros a los que les haya sido transferida la informaci\u00f3n a cualquier t\u00edtulo.<\/p>\n<p>Al proporcionar sus datos personales el USUARIO acepta que estos hagan parte de la base de&nbsp;<span style=\"color: var( --e-global-color-text ); font-family: var( --e-global-typography-text-font-family ), Sans-serif; font-weight: var( --e-global-typography-text-font-weight ); font-size: 1rem;\">datos que genera<\/span> <span style=\"color: var( --e-global-color-text ); font-family: var( --e-global-typography-text-font-family ), Sans-serif; font-weight: var( --e-global-typography-text-font-weight ); font-size: 1rem;\">el<\/span> <span style=\"color: var( --e-global-color-text ); font-family: var( --e-global-typography-text-font-family ), Sans-serif; font-weight: var( --e-global-typography-text-font-weight ); font-size: 1rem;\">sitio<\/span> <span style=\"color: var( --e-global-color-text ); font-family: var( --e-global-typography-text-font-family ), Sans-serif; font-weight: var( --e-global-typography-text-font-weight ); font-size: 1rem;\">web<\/span> <span style=\"color: var( --e-global-color-text ); font-family: var( --e-global-typography-text-font-family ), Sans-serif; font-weight: var( --e-global-typography-text-font-weight ); font-size: 1rem;\">o<\/span> <span style=\"color: var( --e-global-color-text ); font-family: var( --e-global-typography-text-font-family ), Sans-serif; font-weight: var( --e-global-typography-text-font-weight ); font-size: 1rem;\">OPERADOR<br>DE<\/span> <span style=\"color: var( --e-global-color-text ); font-family: var( --e-global-typography-text-font-family ), Sans-serif; font-weight: var( --e-global-typography-text-font-weight ); font-size: 1rem;\">PARQUES<\/span> <span style=\"color: var( --e-global-color-text ); font-family: var( --e-global-typography-text-font-family ), Sans-serif; font-weight: var( --e-global-typography-text-font-weight ); font-size: 1rem;\">S.A.S.<\/span> <span style=\"color: var( --e-global-color-text ); font-family: var( --e-global-typography-text-font-family ), Sans-serif; font-weight: var( --e-global-typography-text-font-weight ); font-size: 1rem;\">y<\/span> <span style=\"color: var( --e-global-color-text ); font-family: var( --e-global-typography-text-font-family ), Sans-serif; font-weight: var( --e-global-typography-text-font-weight ); font-size: 1rem;\">que<\/span> <span style=\"color: var( --e-global-color-text ); font-family: var( --e-global-typography-text-font-family ), Sans-serif; font-weight: var( --e-global-typography-text-font-weight ); font-size: 1rem;\">\u00e9sta<br>sea incluida,<\/span> <span style=\"color: var( --e-global-color-text ); font-family: var( --e-global-typography-text-font-family ), Sans-serif; font-weight: var( --e-global-typography-text-font-weight ); font-size: 1rem;\">junto con&nbsp;<\/span><span style=\"color: var( --e-global-color-text ); font-family: var( --e-global-typography-text-font-family ), Sans-serif; font-weight: var( --e-global-typography-text-font-weight ); font-size: 1rem;\">su informaci\u00f3n, en los activos del sitio web o OPERADOR DE PARQUES S.A.S. para las operaciones de venta, fusi\u00f3n, escisi\u00f3n o cualquier otra operaci\u00f3n comercial.<\/span><\/p>\n<p><span style=\"color: var( --e-global-color-text ); font-family: var( --e-global-typography-text-font-family ), Sans-serif; font-weight: var( --e-global-typography-text-font-weight ); font-size: 1rem;\">&nbsp;<\/span><\/p>\n<p><\/p>\n<h4>Obligaciones del propietario<\/h4>\n<p><b>Medidas de protecci\u00f3n: <\/b>para garantizar la privacidad de los datos personales proporcionados por el USUARIO el propietario se obliga a tomar las medidas de protecci\u00f3n necesarias para evitar el acceso no autorizado a dicha informaci\u00f3n. Estas medidas se ajustar\u00e1n en funci\u00f3n del tipo de informaci\u00f3n proporcionada pero en ning\u00fan caso se asume una obligaci\u00f3n de resultado frente a la protecci\u00f3n de dichos datos. En caso de ingreso no autorizado, vulneraci\u00f3n, o falla de los servicios de seguridad el propietario se compromete a solucionar el problema dentro de un tiempo razonable, mas no ser\u00e1 responsable por los da\u00f1os producidos al USUARIO o terceros por la violaci\u00f3n de las medidas de seguridad dispuestas o el acceso abusivo al sistema inform\u00e1tico de OPERADOR DE PARQUES S.A.S.<\/p>\n<p><b>Control de la informaci\u00f3n: <\/b>el USUARIO podr\u00e1 en cualquier momento solicitar la correcci\u00f3n, rectificaci\u00f3n, o actualizaci\u00f3n de la informaci\u00f3n proporcionada. Cuando la Superitendencia de Comercio encuentre que el propietario ha incumplido con la pol\u00edtica de protecci\u00f3n de datos ac\u00e1 establecida o con los m\u00ednimos se\u00f1alados por la ley el USUARIO podr\u00e1 solicitar la supresi\u00f3n de sus datos personales tanto del sitio web como de las bases de datos de OPERADOR DE PARQUES S.A.S. y terceros a los que les haya sido transferida a cualquier t\u00edtulo.<\/p>\n<p><b>T\u00e9rminos de respuesta: <\/b>el propietario responder\u00e1 en un m\u00e1ximo de 10 (diez) d\u00edas h\u00e1biles las peticiones sobre consulta de datos personales que sean elevadas por el USUARIO a trav\u00e9s de los canales establecidos para ello. Cuando la petici\u00f3n sea sobre correcci\u00f3n, actualizaci\u00f3n o supresi\u00f3n de los datos el t\u00e9rminos de respuesta ser\u00e1 de 15 (quince) d\u00edas h\u00e1biles.<\/p>\n<p><b>Canales de atenci\u00f3n: <\/b>para solicitudes sobre actualizaci\u00f3n, rectificaci\u00f3n, actualizaci\u00f3n o supresi\u00f3n de sus datos personales el USUARIO podr\u00e1 dirigirse a la direcci\u00f3n de correo electr\u00f3nico TRATAMIENTODATOSPERSONALES@CARIBEAVENTURA.COM y al tel\u00e9fono 318 2776000.<\/p>\n<p><b>Copia de autorizaci\u00f3n: <\/b>el propietario conservar\u00e1 copia de la autorizaci\u00f3n otorgada por el USUARIO para el tratamiento de sus datos personales y har\u00e1 entrega de la misma dentro de los 10 (diez) d\u00edas h\u00e1biles siguientes a la solicitud realizada por el USUARIO. Los t\u00e9rminos comenzar\u00e1n a contar desde el d\u00eda h\u00e1bil siguiente a la fecha de realizaci\u00f3n de la solicitud.<\/p>\n<p><b>Revelaci\u00f3n de informaci\u00f3n: <\/b>OPERADOR DE PARQUES S.A.S. podr\u00e1 dar a conocer los datos personales del USUARIO cuando sea requerida por autoridades administrativas o judiciales competentes.<\/p>\n<p><\/p>\n<h4><b>3. Propiedad intelectual<\/b><\/h4>\n<p>El contenido del sitio web (art\u00edculos, im\u00e1genes, v\u00eddeos, logos, dise\u00f1os, entre otros) es propiedad&nbsp;<span style=\"color: var( --e-global-color-text ); font-family: var( --e-global-typography-text-font-family ), Sans-serif; font-weight: var( --e-global-typography-text-font-weight ); font-size: 1rem;\">de<\/span> <span style=\"color: var( --e-global-color-text ); font-family: var( --e-global-typography-text-font-family ), Sans-serif; font-weight: var( --e-global-typography-text-font-weight ); font-size: 1rem;\">OPERADOR<\/span> <span style=\"color: var( --e-global-color-text ); font-family: var( --e-global-typography-text-font-family ), Sans-serif; font-weight: var( --e-global-typography-text-font-weight ); font-size: 1rem;\">DE<\/span> <span style=\"color: var( --e-global-color-text ); font-family: var( --e-global-typography-text-font-family ), Sans-serif; font-weight: var( --e-global-typography-text-font-weight ); font-size: 1rem;\">PARQUES<\/span> <span style=\"color: var( --e-global-color-text ); font-family: var( --e-global-typography-text-font-family ), Sans-serif; font-weight: var( --e-global-typography-text-font-weight ); font-size: 1rem;\">S.A.S.<\/span><span style=\"color: var( --e-global-color-text ); font-family: var( --e-global-typography-text-font-family ), Sans-serif; font-weight: var( --e-global-typography-text-font-weight ); font-size: 1rem; letter-spacing: 1.7pt;\"><br><\/span><span style=\"color: var( --e-global-color-text ); font-family: var( --e-global-typography-text-font-family ), Sans-serif; font-weight: var( --e-global-typography-text-font-weight ); font-size: 1rem;\">y<\/span> <span style=\"color: var( --e-global-color-text ); font-family: var( --e-global-typography-text-font-family ), Sans-serif; font-weight: var( --e-global-typography-text-font-weight ); font-size: 1rem;\">s\u00f3lo<\/span> <span style=\"color: var( --e-global-color-text ); font-family: var( --e-global-typography-text-font-family ), Sans-serif; font-weight: var( --e-global-typography-text-font-weight ); font-size: 1rem;\">podr\u00e1n<\/span> <span style=\"color: var( --e-global-color-text ); font-family: var( --e-global-typography-text-font-family ), Sans-serif; font-weight: var( --e-global-typography-text-font-weight ); font-size: 1rem;\">ser<\/span> <span style=\"color: var( --e-global-color-text ); font-family: var( --e-global-typography-text-font-family ), Sans-serif; font-weight: var( --e-global-typography-text-font-weight ); font-size: 1rem;\">consultados<\/span> <span style=\"color: var( --e-global-color-text ); font-family: var( --e-global-typography-text-font-family ), Sans-serif; font-weight: var( --e-global-typography-text-font-weight ); font-size: 1rem;\">por<\/span> <span style=\"color: var( --e-global-color-text ); font-family: var( --e-global-typography-text-font-family ), Sans-serif; font-weight: var( --e-global-typography-text-font-weight ); font-size: 1rem;\">el<\/span> <span style=\"color: var( --e-global-color-text ); font-family: var( --e-global-typography-text-font-family ), Sans-serif; font-weight: var( --e-global-typography-text-font-weight ); font-size: 1rem;\">USUARIO<\/span><span style=\"color: var( --e-global-color-text ); font-family: var( --e-global-typography-text-font-family ), Sans-serif; font-weight: var( --e-global-typography-text-font-weight ); font-size: 1rem; letter-spacing: 1.9pt;\"><br><\/span><span style=\"color: var( --e-global-color-text ); font-family: var( --e-global-typography-text-font-family ), Sans-serif; font-weight: var( --e-global-typography-text-font-weight ); font-size: 1rem;\">para<\/span> <span style=\"color: var( --e-global-color-text ); font-family: var( --e-global-typography-text-font-family ), Sans-serif; font-weight: var( --e-global-typography-text-font-weight ); font-size: 1rem;\">fines&nbsp;<\/span><span style=\"color: var( --e-global-color-text ); font-family: var( --e-global-typography-text-font-family ), Sans-serif; font-weight: var( --e-global-typography-text-font-weight ); font-size: 1rem;\">personales. Cualquier descarga, reproducci\u00f3n, almacenamiento, transmisi\u00f3n, transferencia para permitir el acceso a terceros, ya sea para fines personales o comerciales se encuentra prohibido.<\/span><\/p>\n<p>Cuando en el sitio web se presente contenido de terceros (art\u00edculos, im\u00e1genes, opiniones, v\u00eddeos, logos dise\u00f1os, entre otros) esto se hace con la autorizaci\u00f3n de los autores del contenido y su descarga, reproducci\u00f3n, almacenamiento, transmisi\u00f3n o transferencia a cualquier t\u00edtulo por parte del USUARIO queda sujeto a las mismas restricciones del p\u00e1rrafo anterior.<\/p>\n<p>Sobre los contenidos que el USUARIO ingrese en el sitio web y que no constituyan datos personales (opiniones, comentarios, im\u00e1genes, v\u00eddeos, logos, dise\u00f1os, entre otros) el USUARIO otorga a el sitio y a OPERADOR DE PARQUES S.A.S. licencia para su uso sin restricci\u00f3n alguna, incluyendo, pero no limit\u00e1ndose al almacenamiento, reproducci\u00f3n, transferencia a cualquier t\u00edtulo, oneroso, gratuito, exhibici\u00f3n, entre otros.<\/p>\n<p><\/p>\n<h4><b>4. Calidad de la informaci\u00f3n proporcionada<\/b><\/h4>\n<p>El contenido publicado en el sitio web por cualquier medio o formato (texto, video, im\u00e1genes, etc) cumple prop\u00f3sitos meramente enunciativos y no constituyen asesor\u00eda o consejo sobre cualquiera de los temas que traten. OPERADOR DE PARQUES S.A.S. no garantiza la actualidad o veracidad de la informaci\u00f3n contenida, sin perjuicio de aquella que constituya oferta comercial o parte de \u00e9sta de conformidad con la normatividad colombiana.<\/p>\n<p>OPERADOR DE PARQUES S.A.S. no garantiza la actualidad o veracidad de la informaci\u00f3n contenida en sitios web, archivos, aplicaciones, y dem\u00e1s contenido de terceros a los que el USUARIO sea redirigido desde el sitio web de su propiedad, as\u00ed como del contenido aportado por otros usuarios en los espacios dispuestos para ello. El ingreso y uso de los sitios, archivos, aplicaciones y similares a los que sea redirigido el USUARIO desde WWW.CARIBEAVENTURA.COM estar\u00e1n sujetos a los t\u00e9rminos y condiciones de los mismos, sobre los que OPERADOR DE PARQUES S.A.S. no tiene responsabilidad alguna. OPERADOR DE PARQUES S.A.S. tampoco garantiza que el contenido de sitios web, archivos o aplicaciones de terceros cumpla con la legislaci\u00f3n colombiana en materia de protecci\u00f3n de datos o que el contenido all\u00ed presentado sea legal bajo la normatividad colombiana.<\/p>\n<p>OPERADOR DE PARQUES S.A.S. no se hace responsable por los da\u00f1os o perjuicios que pudiera causar al USUARIO o terceros la inexactitud, error, o veracidad de la informaci\u00f3n proporcionada en el sitio web o sitios, aplicaciones, archivos, documentos y contenido de terceros a los cuales sea redirigido el USUARIO, as\u00ed como fallas parciales o completas en el funcionamiento del mismo, c\u00f3digos maliciosos que terceros incluyeran en el sitio o sus archivos. Lo anterior sin perjuicio de aquella informaci\u00f3n que constituya oferta comercial en WWW.CARIBEAVENTURA.COM de conformidad con la normatividad colombiana.<\/p><p><br><\/p>\n<p><\/p>\n<h4>5. Moderaci\u00f3n<\/h4>\n<p><b>Para garantizar el adecuado funcionamiento del sitio web y una experiencia segura para los usuarios, OPERADOR DE PARQUES S.A.S. podr\u00e1:<\/b><\/p>\n<p>a. Cambiar en cualquier momento los presentes T\u00e9rminos y Condiciones, as\u00ed como la pol\u00edtica de privacidad del sitio web.<\/p>\n<p>b. Negar el registro de un USUARIO.<\/p>\n<p>c. Eliminar en cualquier momento los datos personales del USUARIO de sus bases de datos.<\/p>\n<p>d. Eliminar el contenido que el USUARIO haya ingresado a la p\u00e1gina, incluyendo pero no limit\u00e1ndose a comentarios, im\u00e1genes, logos, v\u00eddeos, planos, dise\u00f1os, entre otros.<\/p>\n<p>e. Suspender de manera temporal o permanente la publicaci\u00f3n del sitio web, as\u00ed como cualquiera de los servicios que preste.<\/p>\n<p>f. Eliminar sin previo aviso una parte o todo el contenido agregado por el USUARIO al sitio cuando este viole los presentes t\u00e9rminos y condiciones o la legislaci\u00f3n colombiana.<\/p><p><br><\/p>\n<p><b>El USUARIO, para garantizar el adecuado funcionamiento del sitio y una experiencia segura para los dem\u00e1s deber\u00e1:<\/b><\/p>\n<p>a. Acceder s\u00f3lo a las secciones del sitio para las cuales ha sido autorizado.<\/p>\n<p>b. Abstenerse de proporcionar datos personales falsos, o que induzcan a error al sitio web, OPERADOR DE PARQUES S.A.S. a otros usuarios o a terceros, o que pretendan impersonarlos.<\/p>\n<p>c. Abstenerse de realizar actividades comerciales o promocionales en los espacios en que el sitio le permita agregar contenido, a menos que se autorice expresamente.<\/p>\n<p>d. Abstenerse de descargar, reproducir, duplicar, almacenar exhibir y en general disponer del contenido pago del sitio para su exhibici\u00f3n o acceso por cualquier medio externo, ya sea con fines personales o comerciales.<\/p>\n<p>e. Abstenerse de injuriar, calumniar o matonear a otros usuarios a a trav\u00e9s de los medios dispuestos por el sitio para la interacci\u00f3n entre ellos o la publicaci\u00f3n de contenidos de los usuarios. As\u00ed mismo deber\u00e1 el USUARIO abstenerse de publicar contenido inmoral, racista, sexista, obsceno, abiertamente ilegal o que atente contra estos t\u00e9rminos y condiciones.<\/p>\n<p>f. Abstenerse de enviar correos o mensajes no deseados (SPAM) a otros usuarios del sitio web, ya sea a trav\u00e9s de los medios de comunicaci\u00f3n dispuestos dentro del mismo sitio o externos.<\/p>\t\t\t\t\t\t<\/div>\n\t\t\t\t<\/div>\n\t\t\t\t\t<\/div>\n\t\t<\/div>\n\t\t\t\t\t<\/div>\n\t\t<\/section>\n\t\t\t\t<\/div>","protected":false},"excerpt":{"rendered":"<p>POL\u00cdTICA DE TRATAMIENTO DE DATOS PERSONALES El sitio web WWW.CARIBEAVENTURA.COM, es una p\u00e1gina propiedad de OPERADOR DE PARQUES S.A.S., persona jur\u00eddica, domiciliada en Colombia, regida por la ley colombiana y los presentes T\u00e9rminos y Condiciones, los cuales el USUARIO se obliga a respetar desde el momento de ingreso al sitio. Si el USUARIO no est\u00e1 [&hellip;]<\/p>\n","protected":false},"author":1,"featured_media":0,"parent":0,"menu_order":0,"comment_status":"closed","ping_status":"closed","template":"","meta":{"footnotes":""},"class_list":["post-3304","page","type-page","status-publish","hentry"],"aioseo_notices":[],"jetpack_sharing_enabled":true,"_links":{"self":[{"href":"https:\/\/caribeaventura.com\/en\/wp-json\/wp\/v2\/pages\/3304","targetHints":{"allow":["GET"]}}],"collection":[{"href":"https:\/\/caribeaventura.com\/en\/wp-json\/wp\/v2\/pages"}],"about":[{"href":"https:\/\/caribeaventura.com\/en\/wp-json\/wp\/v2\/types\/page"}],"author":[{"embeddable":true,"href":"https:\/\/caribeaventura.com\/en\/wp-json\/wp\/v2\/users\/1"}],"replies":[{"embeddable":true,"href":"https:\/\/caribeaventura.com\/en\/wp-json\/wp\/v2\/comments?post=3304"}],"version-history":[{"count":4,"href":"https:\/\/caribeaventura.com\/en\/wp-json\/wp\/v2\/pages\/3304\/revisions"}],"predecessor-version":[{"id":3621,"href":"https:\/\/caribeaventura.com\/en\/wp-json\/wp\/v2\/pages\/3304\/revisions\/3621"}],"wp:attachment":[{"href":"https:\/\/caribeaventura.com\/en\/wp-json\/wp\/v2\/media?parent=3304"}],"curies":[{"name":"wp","href":"https:\/\/api.w.org\/{rel}","templated":true}]}}