{"id":3018,"date":"2024-07-31T21:30:53","date_gmt":"2024-08-01T02:30:53","guid":{"rendered":"https:\/\/caribeaventura.com\/?page_id=3018"},"modified":"2024-07-31T21:45:53","modified_gmt":"2024-08-01T02:45:53","slug":"tiquete-v2","status":"publish","type":"page","link":"https:\/\/caribeaventura.com\/en\/tiquete-v2\/","title":{"rendered":"Tiquete v2"},"content":{"rendered":"<div data-elementor-type=\"wp-page\" data-elementor-id=\"3018\" class=\"elementor elementor-3018\" data-elementor-post-type=\"page\">\n\t\t\t\t\t\t<section class=\"elementor-section elementor-top-section elementor-element elementor-element-4ba7a2f elementor-section-boxed elementor-section-height-default elementor-section-height-default\" data-id=\"4ba7a2f\" data-element_type=\"section\" data-settings=\"{&quot;background_background&quot;:&quot;video&quot;,&quot;background_video_link&quot;:&quot;https:\\\/\\\/caribeaventura.com\\\/wp-content\\\/uploads\\\/2024\\\/07\\\/Caribe-Aventura-fondos-41.mp4&quot;,&quot;background_play_on_mobile&quot;:&quot;yes&quot;}\">\n\t\t\t\t\t\t\t\t<div class=\"elementor-background-video-container\">\n\t\t\t\t\t\t\t\t\t\t\t\t\t<video class=\"elementor-background-video-hosted elementor-html5-video\" autoplay muted playsinline loop><\/video>\n\t\t\t\t\t\t\t\t\t\t\t<\/div>\n\t\t\t\t\t\t\t\t<div class=\"elementor-container elementor-column-gap-default\">\n\t\t\t\t\t<div class=\"elementor-column elementor-col-100 elementor-top-column elementor-element elementor-element-56a4ce8\" data-id=\"56a4ce8\" data-element_type=\"column\" data-settings=\"{&quot;background_background&quot;:&quot;classic&quot;}\">\n\t\t\t<div class=\"elementor-widget-wrap elementor-element-populated\">\n\t\t\t\t\t\t<div class=\"elementor-element elementor-element-9978788 elementor-widget elementor-widget-heading\" data-id=\"9978788\" data-element_type=\"widget\" data-widget_type=\"heading.default\">\n\t\t\t\t<div class=\"elementor-widget-container\">\n\t\t\t<h2 class=\"elementor-heading-title elementor-size-default\">YOUR PURCHASE<\/h2>\t\t<\/div>\n\t\t\t\t<\/div>\n\t\t\t\t<div class=\"elementor-element elementor-element-24c4e1d elementor-add-to-cart--align-left elementor-add-to-cart-mobile--align-center elementor-widget__width-initial elementor-widget elementor-widget-wc-add-to-cart\" data-id=\"24c4e1d\" data-element_type=\"widget\" data-widget_type=\"wc-add-to-cart.default\">\n\t\t\t\t<div class=\"elementor-widget-container\">\n\t\t\t<div class=\"wooco_wrap wooco-wrap wooco-wrap-3016\" data-id=\"3016\"><div class=\"wooco_components wooco-components\" data-percent=\"0\" data-min=\"\" data-max=\"\" data-price=\"0\" data-regular-price=\"0\" data-pricing=\"include\" data-same=\"no\" data-checkbox=\"yes\" data-total-min=\"0\" data-total-max=\"-1\"><div class=\"wooco_component wooco_component_1 wooco_component_type_products wooco_component_has_1 wooco_component_layout_ddslick wooco_component_custom_qty\"><div class=\"wooco_component_product\" data-key=\"1jjl\" data-name=\"\" data-id=\"-1\" data-qty=\"1\" data-m-min=\"0\" data-m-max=\"1000\" data-price=\"0\" data-regular-price=\"0\" data-price-html=\"\" data-new-price=\"\" data-required=\"no\" data-custom-qty=\"yes\" data-multiple=\"no\">                                <div class=\"wooco_component_product_checkbox\">\r\n                                    <label>\r\n                                        <input class=\"wooco-checkbox\"\r\n                                               type=\"checkbox\" checked=\"checked\"                                                \/>\r\n                                    <\/label>\r\n                                <\/div>\r\n                            \r\n                            \r\n                            <div class=\"wooco_component_product_selection\">\r\n                                                                    <label for=\"wooco_component_product_select_1\"><\/label>\r\n                                    <select class=\"wooco_component_product_select\"\r\n                                            id=\"wooco_component_product_select_1\">\r\n                                        <option value=\"7880\" data-id=\"7880\" data-qty=\"1\" data-pid=\"0\" data-purchasable=\"yes\" data-link=\"https:\/\/caribeaventura.com\/en\/tickets\/adulto-juevesasabado\/\" data-name=\"Ticket Adulto Jueves a S\u00e1bados\" data-price=\"89900\" data-new-price=\"\" data-regular-price=\"89900\" data-regular_price=\"89900\" data-price-html=\"&lt;span class=&quot;woocommerce-Price-amount amount&quot;&gt;&lt;bdi&gt;&lt;span class=&quot;woocommerce-Price-currencySymbol&quot;&gt;&amp;#36;&lt;\/span&gt;&amp;nbsp;89.900&lt;\/bdi&gt;&lt;\/span&gt;\" data-price_html=\"&lt;span class=&quot;woocommerce-Price-amount amount&quot;&gt;&lt;bdi&gt;&lt;span class=&quot;woocommerce-Price-currencySymbol&quot;&gt;&amp;#36;&lt;\/span&gt;&amp;nbsp;89.900&lt;\/bdi&gt;&lt;\/span&gt;\" data-description=\"&lt;span&gt;&lt;span class=&quot;woocommerce-Price-amount amount&quot;&gt;&lt;bdi&gt;&lt;span class=&quot;woocommerce-Price-currencySymbol&quot;&gt;&amp;#36;&lt;\/span&gt;&amp;nbsp;89.900&lt;\/bdi&gt;&lt;\/span&gt;&lt;\/span&gt;&lt;span&gt;&lt;\/span&gt;\" data-availability=\"\" data-image=\"\" data-imagesrc=\"\" data-imagefull=\"\" data-image_full=\"\" data-image_gallery=\"\"  >Ticket Adulto Jueves a S\u00e1bados<\/option>                                    <\/select>\r\n                                                            <\/div>\r\n\r\n                            <div class=\"wooco_component_product_qty wooco-qty-wrap\"><span class=\"wooco-qty-input\"><span class=\"wooco_component_product_qty_btn wooco_component_product_qty_minus wooco-minus\">-<\/span><input class=\"wooco_component_product_qty_input wooco_qty input-text text qty\" type=\"number\" min=\"0\" max=\"1000\" step=\"1\" value=\"1\"\/><span class=\"wooco_component_product_qty_btn wooco_component_product_qty_plus wooco-plus\">+<\/span><\/span><\/div><\/div><!-- \/.wooco_component_product --><\/div><div class=\"wooco_component wooco_component_2 wooco_component_type_products wooco_component_has_1 wooco_component_layout_ddslick wooco_component_custom_qty\"><div class=\"wooco_component_product\" data-key=\"20so\" data-name=\"\" data-id=\"-1\" data-qty=\"1\" data-m-min=\"0\" data-m-max=\"1000\" data-price=\"0\" data-regular-price=\"0\" data-price-html=\"\" data-new-price=\"\" data-required=\"no\" data-custom-qty=\"yes\" data-multiple=\"no\">                                <div class=\"wooco_component_product_checkbox\">\r\n                                    <label>\r\n                                        <input class=\"wooco-checkbox\"\r\n                                               type=\"checkbox\" checked=\"checked\"                                                \/>\r\n                                    <\/label>\r\n                                <\/div>\r\n                            \r\n                            \r\n                            <div class=\"wooco_component_product_selection\">\r\n                                                                    <label for=\"wooco_component_product_select_2\"><\/label>\r\n                                    <select class=\"wooco_component_product_select\"\r\n                                            id=\"wooco_component_product_select_2\">\r\n                                        <option value=\"3013\" data-id=\"3013\" data-qty=\"1\" data-pid=\"0\" data-purchasable=\"yes\" data-link=\"https:\/\/caribeaventura.com\/en\/tickets\/ticket-adulto\/\" data-name=\"Ticket Adulto Domingos y Festivos\" data-price=\"119900\" data-new-price=\"\" data-regular-price=\"119900\" data-regular_price=\"119900\" data-price-html=\"&lt;span class=&quot;woocommerce-Price-amount amount&quot;&gt;&lt;bdi&gt;&lt;span class=&quot;woocommerce-Price-currencySymbol&quot;&gt;&amp;#36;&lt;\/span&gt;&amp;nbsp;119.900&lt;\/bdi&gt;&lt;\/span&gt;\" data-price_html=\"&lt;span class=&quot;woocommerce-Price-amount amount&quot;&gt;&lt;bdi&gt;&lt;span class=&quot;woocommerce-Price-currencySymbol&quot;&gt;&amp;#36;&lt;\/span&gt;&amp;nbsp;119.900&lt;\/bdi&gt;&lt;\/span&gt;\" data-description=\"&lt;span&gt;&lt;span class=&quot;woocommerce-Price-amount amount&quot;&gt;&lt;bdi&gt;&lt;span class=&quot;woocommerce-Price-currencySymbol&quot;&gt;&amp;#36;&lt;\/span&gt;&amp;nbsp;119.900&lt;\/bdi&gt;&lt;\/span&gt;&lt;\/span&gt;&lt;span&gt;&lt;\/span&gt;\" data-availability=\"\" data-image=\"\" data-imagesrc=\"\" data-imagefull=\"\" data-image_full=\"\" data-image_gallery=\"\"  >Ticket Adulto Domingos y Festivos<\/option>                                    <\/select>\r\n                                                            <\/div>\r\n\r\n                            <div class=\"wooco_component_product_qty wooco-qty-wrap\"><span class=\"wooco-qty-input\"><span class=\"wooco_component_product_qty_btn wooco_component_product_qty_minus wooco-minus\">-<\/span><input class=\"wooco_component_product_qty_input wooco_qty input-text text qty\" type=\"number\" min=\"0\" max=\"1000\" step=\"1\" value=\"1\"\/><span class=\"wooco_component_product_qty_btn wooco_component_product_qty_plus wooco-plus\">+<\/span><\/span><\/div><\/div><!-- \/.wooco_component_product --><\/div><div class=\"wooco_component wooco_component_3 wooco_component_type_products wooco_component_has_1 wooco_component_layout_ddslick wooco_component_custom_qty\"><div class=\"wooco_component_product\" data-key=\"u0v1\" data-name=\"\" data-id=\"-1\" data-qty=\"1\" data-m-min=\"0\" data-m-max=\"1000\" data-price=\"0\" data-regular-price=\"0\" data-price-html=\"\" data-new-price=\"\" data-required=\"no\" data-custom-qty=\"yes\" data-multiple=\"no\">                                <div class=\"wooco_component_product_checkbox\">\r\n                                    <label>\r\n                                        <input class=\"wooco-checkbox\"\r\n                                               type=\"checkbox\" checked=\"checked\"                                                \/>\r\n                                    <\/label>\r\n                                <\/div>\r\n                            \r\n                            \r\n                            <div class=\"wooco_component_product_selection\">\r\n                                                                    <label for=\"wooco_component_product_select_3\"><\/label>\r\n                                    <select class=\"wooco_component_product_select\"\r\n                                            id=\"wooco_component_product_select_3\">\r\n                                        <option value=\"7881\" data-id=\"7881\" data-qty=\"1\" data-pid=\"0\" data-purchasable=\"yes\" data-link=\"https:\/\/caribeaventura.com\/en\/tickets\/nino-juevesasabado\/\" data-name=\"Ticket Ni\u00f1o Jueves a S\u00e1bado\" data-price=\"49900\" data-new-price=\"\" data-regular-price=\"49900\" data-regular_price=\"49900\" data-price-html=\"&lt;span class=&quot;woocommerce-Price-amount amount&quot;&gt;&lt;bdi&gt;&lt;span class=&quot;woocommerce-Price-currencySymbol&quot;&gt;&amp;#36;&lt;\/span&gt;&amp;nbsp;49.900&lt;\/bdi&gt;&lt;\/span&gt;\" data-price_html=\"&lt;span class=&quot;woocommerce-Price-amount amount&quot;&gt;&lt;bdi&gt;&lt;span class=&quot;woocommerce-Price-currencySymbol&quot;&gt;&amp;#36;&lt;\/span&gt;&amp;nbsp;49.900&lt;\/bdi&gt;&lt;\/span&gt;\" data-description=\"&lt;span&gt;&lt;span class=&quot;woocommerce-Price-amount amount&quot;&gt;&lt;bdi&gt;&lt;span class=&quot;woocommerce-Price-currencySymbol&quot;&gt;&amp;#36;&lt;\/span&gt;&amp;nbsp;49.900&lt;\/bdi&gt;&lt;\/span&gt;&lt;\/span&gt;&lt;span&gt;&lt;\/span&gt;\" data-availability=\"\" data-image=\"\" data-imagesrc=\"\" data-imagefull=\"\" data-image_full=\"\" data-image_gallery=\"\"  >Ticket Ni\u00f1o Jueves a S\u00e1bado<\/option>                                    <\/select>\r\n                                                            <\/div>\r\n\r\n                            <div class=\"wooco_component_product_qty wooco-qty-wrap\"><span class=\"wooco-qty-input\"><span class=\"wooco_component_product_qty_btn wooco_component_product_qty_minus wooco-minus\">-<\/span><input class=\"wooco_component_product_qty_input wooco_qty input-text text qty\" type=\"number\" min=\"0\" max=\"1000\" step=\"1\" value=\"1\"\/><span class=\"wooco_component_product_qty_btn wooco_component_product_qty_plus wooco-plus\">+<\/span><\/span><\/div><\/div><!-- \/.wooco_component_product --><\/div><div class=\"wooco_component wooco_component_4 wooco_component_type_products wooco_component_has_1 wooco_component_layout_ddslick wooco_component_custom_qty\"><div class=\"wooco_component_product\" data-key=\"cvlq\" data-name=\"\" data-id=\"-1\" data-qty=\"1\" data-m-min=\"0\" data-m-max=\"1000\" data-price=\"0\" data-regular-price=\"0\" data-price-html=\"\" data-new-price=\"\" data-required=\"no\" data-custom-qty=\"yes\" data-multiple=\"no\">                                <div class=\"wooco_component_product_checkbox\">\r\n                                    <label>\r\n                                        <input class=\"wooco-checkbox\"\r\n                                               type=\"checkbox\" checked=\"checked\"                                                \/>\r\n                                    <\/label>\r\n                                <\/div>\r\n                            \r\n                            \r\n                            <div class=\"wooco_component_product_selection\">\r\n                                                                    <label for=\"wooco_component_product_select_4\"><\/label>\r\n                                    <select class=\"wooco_component_product_select\"\r\n                                            id=\"wooco_component_product_select_4\">\r\n                                        <option value=\"3014\" data-id=\"3014\" data-qty=\"1\" data-pid=\"0\" data-purchasable=\"yes\" data-link=\"https:\/\/caribeaventura.com\/en\/tickets\/ticket-nino\/\" data-name=\"Ticket Ni\u00f1o Domingos y Festivos\" data-price=\"79900\" data-new-price=\"\" data-regular-price=\"79900\" data-regular_price=\"79900\" data-price-html=\"&lt;span class=&quot;woocommerce-Price-amount amount&quot;&gt;&lt;bdi&gt;&lt;span class=&quot;woocommerce-Price-currencySymbol&quot;&gt;&amp;#36;&lt;\/span&gt;&amp;nbsp;79.900&lt;\/bdi&gt;&lt;\/span&gt;\" data-price_html=\"&lt;span class=&quot;woocommerce-Price-amount amount&quot;&gt;&lt;bdi&gt;&lt;span class=&quot;woocommerce-Price-currencySymbol&quot;&gt;&amp;#36;&lt;\/span&gt;&amp;nbsp;79.900&lt;\/bdi&gt;&lt;\/span&gt;\" data-description=\"&lt;span&gt;&lt;span class=&quot;woocommerce-Price-amount amount&quot;&gt;&lt;bdi&gt;&lt;span class=&quot;woocommerce-Price-currencySymbol&quot;&gt;&amp;#36;&lt;\/span&gt;&amp;nbsp;79.900&lt;\/bdi&gt;&lt;\/span&gt;&lt;\/span&gt;&lt;span&gt;&lt;\/span&gt;\" data-availability=\"\" data-image=\"\" data-imagesrc=\"\" data-imagefull=\"\" data-image_full=\"\" data-image_gallery=\"\"  >Ticket Ni\u00f1o Domingos y Festivos<\/option>                                    <\/select>\r\n                                                            <\/div>\r\n\r\n                            <div class=\"wooco_component_product_qty wooco-qty-wrap\"><span class=\"wooco-qty-input\"><span class=\"wooco_component_product_qty_btn wooco_component_product_qty_minus wooco-minus\">-<\/span><input class=\"wooco_component_product_qty_input wooco_qty input-text text qty\" type=\"number\" min=\"0\" max=\"1000\" step=\"1\" value=\"1\"\/><span class=\"wooco_component_product_qty_btn wooco_component_product_qty_plus wooco-plus\">+<\/span><\/span><\/div><\/div><!-- \/.wooco_component_product --><\/div><\/div><!-- \/.wooco-components --><div class=\"wooco_summary wooco-summary wooco-text\"><div class=\"wooco_total wooco-total\"><\/div><div class=\"wooco_count wooco-count\"><\/div><\/div><\/div>\n\t\n\t<form class=\"cart\" action=\"https:\/\/caribeaventura.com\/en\/tickets\/ticket-caribe-aventura-v2\/\" method=\"post\" enctype='multipart\/form-data' data-trp-original-action=\"https:\/\/caribeaventura.com\/en\/tickets\/ticket-caribe-aventura-v2\/\">\n\t\t<input type=\"hidden\" name=\"wooco_ids\" class=\"wooco-ids wooco-ids-3016\" value=\"\"\/>\n\t\t<div class=\"quantity\">\n\t\t<label class=\"screen-reader-text\" for=\"quantity_69d16ff3014c2\" data-no-translation=\"\" data-trp-gettext=\"\">Tus Tickets Caribe Aventura quantity<\/label>\n\t<input\n\t\ttype=\"hidden\"\n\t\t\t\tid=\"quantity_69d16ff3014c2\"\n\t\tclass=\"input-text qty text\"\n\t\tname=\"quantity\"\n\t\tvalue=\"1\"\n\t\taria-label=\"Product quantity\"\n\t\t\t\tmin=\"1\"\n\t\t\t\t\tmax=\"1\"\n\t\t\t\t\t\t\tstep=\"1\"\n\t\t\tplaceholder=\"\"\n\t\t\tinputmode=\"numeric\"\n\t\t\tautocomplete=\"off\" data-no-translation-aria-label=\"\"\n\t\t\t\/>\n\t<\/div>\n\n\t\t<button type=\"submit\" name=\"add-to-cart\" value=\"3016\" class=\"single_add_to_cart_button elementor-button button alt\">Add to cart<\/button>\n\n\t\t\t<input type=\"hidden\" name=\"trp-form-language\" value=\"en\"\/><\/form>\n\n\t\n\t\t<\/div>\n\t\t\t\t<\/div>\n\t\t\t\t\t<\/div>\n\t\t<\/div>\n\t\t\t\t\t<\/div>\n\t\t<\/section>\n\t\t\t\t<\/div>","protected":false},"excerpt":{"rendered":"<p>TU COMPRA Ticket Adulto Ticket Adulto&#036;&nbsp;120.000Qty:- Ticket Adulto cantidad + Ticket Ni\u00f1o Ticket Ni\u00f1o&#036;&nbsp;80.000Qty:- Ticket Ni\u00f1o cantidad + Servicio de Locker Servicio de Locker&#036;&nbsp;15.000Qty:- Servicio de Locker cantidad + Ticket Cariba Aventura v2 cantidad Add to cart<\/p>","protected":false},"author":1,"featured_media":0,"parent":0,"menu_order":0,"comment_status":"closed","ping_status":"closed","template":"","meta":{"footnotes":""},"class_list":["post-3018","page","type-page","status-publish","hentry"],"aioseo_notices":[],"jetpack_sharing_enabled":true,"_links":{"self":[{"href":"https:\/\/caribeaventura.com\/en\/wp-json\/wp\/v2\/pages\/3018","targetHints":{"allow":["GET"]}}],"collection":[{"href":"https:\/\/caribeaventura.com\/en\/wp-json\/wp\/v2\/pages"}],"about":[{"href":"https:\/\/caribeaventura.com\/en\/wp-json\/wp\/v2\/types\/page"}],"author":[{"embeddable":true,"href":"https:\/\/caribeaventura.com\/en\/wp-json\/wp\/v2\/users\/1"}],"replies":[{"embeddable":true,"href":"https:\/\/caribeaventura.com\/en\/wp-json\/wp\/v2\/comments?post=3018"}],"version-history":[{"count":16,"href":"https:\/\/caribeaventura.com\/en\/wp-json\/wp\/v2\/pages\/3018\/revisions"}],"predecessor-version":[{"id":3035,"href":"https:\/\/caribeaventura.com\/en\/wp-json\/wp\/v2\/pages\/3018\/revisions\/3035"}],"wp:attachment":[{"href":"https:\/\/caribeaventura.com\/en\/wp-json\/wp\/v2\/media?parent=3018"}],"curies":[{"name":"wp","href":"https:\/\/api.w.org\/{rel}","templated":true}]}}